{"id":207,"date":"2023-02-27T12:11:44","date_gmt":"2023-02-27T11:11:44","guid":{"rendered":"http:\/\/jean-jacques-wunenburger.com\/?page_id=207"},"modified":"2024-05-14T14:25:12","modified_gmt":"2024-05-14T12:25:12","slug":"critiques-commentateurs","status":"publish","type":"page","link":"https:\/\/jean-jacques-wunenburger.com\/index.php\/critiques-commentateurs\/","title":{"rendered":"Critiques"},"content":{"rendered":"\t\t<div data-elementor-type=\"wp-page\" data-elementor-id=\"207\" class=\"elementor elementor-207\">\n\t\t\t\t<div class=\"elementor-element elementor-element-dba1e59 e-flex e-con-boxed e-con e-parent\" data-id=\"dba1e59\" data-element_type=\"container\" data-e-type=\"container\">\n\t\t\t\t\t<div class=\"e-con-inner\">\n\t\t\t\t<div class=\"elementor-element elementor-element-908f266 elementor-widget elementor-widget-heading\" data-id=\"908f266\" data-element_type=\"widget\" data-e-type=\"widget\" data-widget_type=\"heading.default\">\n\t\t\t\t<div class=\"elementor-widget-container\">\n\t\t\t\t\t<h2 class=\"elementor-heading-title elementor-size-default\">Critiques des travaux de Jean-Jacques Wunenburger<\/h2>\t\t\t\t<\/div>\n\t\t\t\t<\/div>\n\t\t\t\t\t<\/div>\n\t\t\t\t<\/div>\n\t\t<div class=\"elementor-element elementor-element-3fdeb34 e-flex e-con-boxed e-con e-parent\" data-id=\"3fdeb34\" data-element_type=\"container\" data-e-type=\"container\">\n\t\t\t\t\t<div class=\"e-con-inner\">\n\t\t\t\t<div class=\"elementor-element elementor-element-7acb45a elementor-widget elementor-widget-text-editor\" data-id=\"7acb45a\" data-element_type=\"widget\" data-e-type=\"widget\" data-widget_type=\"text-editor.default\">\n\t\t\t\t<div class=\"elementor-widget-container\">\n\t\t\t\t\t\t\t\t\t<p>Les critiques pr\u00e9sent\u00e9es ci-dessous ne sont pas exhaustives. En effet, <a href=\"https:\/\/jean-jacques-wunenburger.com\/index.php\/bibliographie\/\" target=\"_blank\" rel=\"noopener\">les divers travaux de Jean-Jacques Wunenburger<\/a> ont donn\u00e9 lieu \u00e0 bon nombre de commentaires en France comme \u00e0 l&#8217;\u00e9tranger. Cette rubrique publie quelques \u00e9tudes parues sur son \u0153uvre dans des num\u00e9ros de revues ou sur des sites associatifs. Elles permettent d\u2019illustrer diverses interpr\u00e9tations possibles de certaines recherches, sans que l\u2019auteur ne prenne a priori \u00e0 son compte les opinions et th\u00e8ses d\u00e9velopp\u00e9es.<\/p>\t\t\t\t\t\t\t\t<\/div>\n\t\t\t\t<\/div>\n\t\t\t\t\t<\/div>\n\t\t\t\t<\/div>\n\t\t<div class=\"elementor-element elementor-element-ca3d2e5 e-flex e-con-boxed e-con e-parent\" data-id=\"ca3d2e5\" data-element_type=\"container\" data-e-type=\"container\">\n\t\t\t\t\t<div class=\"e-con-inner\">\n\t\t\t\t<div class=\"elementor-element elementor-element-9e7ac86 elementor-drop-cap-yes elementor-drop-cap-view-default elementor-widget elementor-widget-text-editor\" data-id=\"9e7ac86\" data-element_type=\"widget\" data-e-type=\"widget\" data-settings=\"{&quot;drop_cap&quot;:&quot;yes&quot;}\" data-widget_type=\"text-editor.default\">\n\t\t\t\t<div class=\"elementor-widget-container\">\n\t\t\t\t\t\t\t\t\t<ul><li><strong><a href=\"https:\/\/acrobat.adobe.com\/link\/track?uri=urn%3Aaaid%3Ascds%3AUS%3A00a10772-0e14-4721-b0b7-b96f53bfde3c&amp;viewer%21megaVerb=group-discover\" target=\"_blank\" rel=\"noopener\">SISTEMA DE CREN\u00c7AS COMO IMAGIN\u00c1RIO EM WUNENBURGER<\/a><\/strong><\/li><li><a href=\"https:\/\/acrobat.adobe.com\/link\/track?uri=urn%3Aaaid%3Ascds%3AUS%3A0f3803e0-a112-4462-b7e1-32372c5612cf&amp;viewer%21megaVerb=group-discover\" target=\"_blank\" rel=\"noopener\"><strong>wunenburger-Archetype_and_matrix_image_Potential<\/strong><\/a><\/li><li><strong><a href=\"https:\/\/acrobat.adobe.com\/link\/track?uri=urn%3Aaaid%3Ascds%3AUS%3Ae853b772-a958-42da-9ce9-438d2ceca7c6&amp;viewer%21megaVerb=group-discover\" target=\"_blank\" rel=\"noopener\">A GEOPO\u00c9TICA EM BACHELARD E WUNENBURGER<\/a>:<\/strong><\/li><li><strong><a href=\"https:\/\/www.humus-plume.fr\/entretien-jean-jacques-wunenburger-philosophe\/?shared=email&amp;msg=fail\" target=\"_blank\" rel=\"noopener\">ENTRETIEN AVEC JEAN-JACQUES WUNENBURGER, PHILOSOPHE \u00c0 PROPOS DE LA T\u00c9L\u00c9VISION<\/a><\/strong><\/li><li><p id=\"name_header\"><strong><a href=\"https:\/\/docplayer.fr\/180406182-La-philosophie-des-medecines-alternatives-chez-wunenburger-gabriel-kafure.html\" target=\"_blank\" rel=\"noopener\">La philosophie des m\u00e9decines alternatives chez Wunenburger<\/a><\/strong><\/p><\/li><li><p class=\"ds-work-heading-xl\"><strong><a href=\"https:\/\/www.academia.edu\/7404618\/Jean_Jacques_Wunenburger_theory_of_utopia_or_the_utopia_of_total_theory_\" target=\"_blank\" rel=\"noopener\">Jean-Jacques Wunenburger: theory of utopia or the utopia of total theory ?<\/a><\/strong><\/p><\/li><li><a href=\"https:\/\/ibn.idsi.md\/sites\/default\/files\/imag_file\/55-60_55.pdf\" target=\"_blank\" rel=\"noopener\"><strong>MITO-FORIA : O COMPONENT\u0102 A IMAGINARULUI \u00ceN<\/strong><\/a><br \/><a href=\"_wp_link_placeholder\"><strong>STUDIUL LUI JEAN-JACQUES WUNENBURGER<\/strong><\/a><\/li><\/ul>\t\t\t\t\t\t\t\t<\/div>\n\t\t\t\t<\/div>\n\t\t\t\t\t<\/div>\n\t\t\t\t<\/div>\n\t\t\t\t<\/div>\n\t\t","protected":false},"excerpt":{"rendered":"<p>Critiques des travaux de Jean-Jacques Wunenburger Les critiques pr\u00e9sent\u00e9es ci-dessous ne sont pas exhaustives. En effet, les divers travaux de Jean-Jacques Wunenburger ont donn\u00e9 lieu \u00e0 bon nombre de commentaires en France comme \u00e0 l&#8217;\u00e9tranger. Cette rubrique publie quelques \u00e9tudes parues sur son \u0153uvre dans des num\u00e9ros de revues ou sur des sites associatifs. Elles<\/p>\n<div class=\"more-link\">\n\t\t\t\t <a href=\"https:\/\/jean-jacques-wunenburger.com\/index.php\/critiques-commentateurs\/\" class=\"link-btn theme-btn\"><span>Read More <\/span> <i class=\"fa fa-caret-right\"><\/i><\/a>\n\t\t\t<\/div>\n","protected":false},"author":1,"featured_media":1235,"parent":0,"menu_order":0,"comment_status":"closed","ping_status":"closed","template":"","meta":{"om_disable_all_campaigns":false,"_monsterinsights_skip_tracking":false,"_monsterinsights_sitenote_active":false,"_monsterinsights_sitenote_note":"","_monsterinsights_sitenote_category":0,"_uf_show_specific_survey":0,"_uf_disable_surveys":false,"footnotes":""},"class_list":["post-207","page","type-page","status-publish","has-post-thumbnail","hentry"],"aioseo_notices":[],"yoast_head":"<!-- This site is optimized with the Yoast SEO plugin v27.5 - https:\/\/yoast.com\/product\/yoast-seo-wordpress\/ -->\n<title>Critiques - Jean-Jacques Wunenburger<\/title>\n<meta name=\"description\" content=\"Critiques, commentaires et commentateurs, r\u00e9ceptions des divers \u00e9crits du philosophe Jean-Jacques Wunenburger \u00e0 travers le monde\" \/>\n<meta name=\"robots\" content=\"index, follow, max-snippet:-1, max-image-preview:large, max-video-preview:-1\" \/>\n<link rel=\"canonical\" href=\"https:\/\/jean-jacques-wunenburger.com\/index.php\/critiques-commentateurs\/\" \/>\n<meta property=\"og:locale\" content=\"en_US\" \/>\n<meta property=\"og:type\" content=\"article\" \/>\n<meta property=\"og:title\" content=\"Critiques - Jean-Jacques Wunenburger\" \/>\n<meta property=\"og:description\" content=\"Critiques, commentaires et commentateurs, r\u00e9ceptions des divers \u00e9crits du philosophe Jean-Jacques Wunenburger \u00e0 travers le monde\" \/>\n<meta property=\"og:url\" content=\"https:\/\/jean-jacques-wunenburger.com\/index.php\/critiques-commentateurs\/\" \/>\n<meta property=\"og:site_name\" content=\"Jean-Jacques Wunenburger\" \/>\n<meta property=\"article:modified_time\" content=\"2024-05-14T12:25:12+00:00\" \/>\n<meta property=\"og:image\" content=\"https:\/\/jean-jacques-wunenburger.com\/wp-content\/uploads\/2023\/07\/conference-3248255_1280.jpg\" \/>\n\t<meta property=\"og:image:width\" content=\"1280\" \/>\n\t<meta property=\"og:image:height\" content=\"854\" \/>\n\t<meta property=\"og:image:type\" content=\"image\/jpeg\" \/>\n<meta name=\"twitter:card\" content=\"summary_large_image\" \/>\n<meta name=\"twitter:label1\" content=\"Est. reading time\" \/>\n\t<meta name=\"twitter:data1\" content=\"1 minute\" \/>\n<script type=\"application\/ld+json\" class=\"yoast-schema-graph\">{\"@context\":\"https:\\\/\\\/schema.org\",\"@graph\":[{\"@type\":\"WebPage\",\"@id\":\"https:\\\/\\\/jean-jacques-wunenburger.com\\\/index.php\\\/critiques-commentateurs\\\/\",\"url\":\"https:\\\/\\\/jean-jacques-wunenburger.com\\\/index.php\\\/critiques-commentateurs\\\/\",\"name\":\"Critiques - Jean-Jacques Wunenburger\",\"isPartOf\":{\"@id\":\"https:\\\/\\\/jean-jacques-wunenburger.com\\\/#website\"},\"primaryImageOfPage\":{\"@id\":\"https:\\\/\\\/jean-jacques-wunenburger.com\\\/index.php\\\/critiques-commentateurs\\\/#primaryimage\"},\"image\":{\"@id\":\"https:\\\/\\\/jean-jacques-wunenburger.com\\\/index.php\\\/critiques-commentateurs\\\/#primaryimage\"},\"thumbnailUrl\":\"https:\\\/\\\/jean-jacques-wunenburger.com\\\/wp-content\\\/uploads\\\/2023\\\/07\\\/conference-3248255_1280.jpg\",\"datePublished\":\"2023-02-27T11:11:44+00:00\",\"dateModified\":\"2024-05-14T12:25:12+00:00\",\"description\":\"Critiques, commentaires et commentateurs, r\u00e9ceptions des divers \u00e9crits du philosophe Jean-Jacques Wunenburger \u00e0 travers le monde\",\"breadcrumb\":{\"@id\":\"https:\\\/\\\/jean-jacques-wunenburger.com\\\/index.php\\\/critiques-commentateurs\\\/#breadcrumb\"},\"inLanguage\":\"en-US\",\"potentialAction\":[{\"@type\":\"ReadAction\",\"target\":[\"https:\\\/\\\/jean-jacques-wunenburger.com\\\/index.php\\\/critiques-commentateurs\\\/\"]}]},{\"@type\":\"ImageObject\",\"inLanguage\":\"en-US\",\"@id\":\"https:\\\/\\\/jean-jacques-wunenburger.com\\\/index.php\\\/critiques-commentateurs\\\/#primaryimage\",\"url\":\"https:\\\/\\\/jean-jacques-wunenburger.com\\\/wp-content\\\/uploads\\\/2023\\\/07\\\/conference-3248255_1280.jpg\",\"contentUrl\":\"https:\\\/\\\/jean-jacques-wunenburger.com\\\/wp-content\\\/uploads\\\/2023\\\/07\\\/conference-3248255_1280.jpg\",\"width\":1280,\"height\":854,\"caption\":\"critiques des livres et articles de jean-jacques wunenburger\"},{\"@type\":\"BreadcrumbList\",\"@id\":\"https:\\\/\\\/jean-jacques-wunenburger.com\\\/index.php\\\/critiques-commentateurs\\\/#breadcrumb\",\"itemListElement\":[{\"@type\":\"ListItem\",\"position\":1,\"name\":\"Accueil\",\"item\":\"https:\\\/\\\/jean-jacques-wunenburger.com\\\/\"},{\"@type\":\"ListItem\",\"position\":2,\"name\":\"Critiques\"}]},{\"@type\":\"WebSite\",\"@id\":\"https:\\\/\\\/jean-jacques-wunenburger.com\\\/#website\",\"url\":\"https:\\\/\\\/jean-jacques-wunenburger.com\\\/\",\"name\":\"Jean-Jacques Wunenburger\",\"description\":\"Philosophe, Professeur \u00e9m\u00e9rite\",\"potentialAction\":[{\"@type\":\"SearchAction\",\"target\":{\"@type\":\"EntryPoint\",\"urlTemplate\":\"https:\\\/\\\/jean-jacques-wunenburger.com\\\/?s={search_term_string}\"},\"query-input\":{\"@type\":\"PropertyValueSpecification\",\"valueRequired\":true,\"valueName\":\"search_term_string\"}}],\"inLanguage\":\"en-US\"}]}<\/script>\n<!-- \/ Yoast SEO plugin. -->","yoast_head_json":{"title":"Critiques - Jean-Jacques Wunenburger","description":"Critiques, commentaires et commentateurs, r\u00e9ceptions des divers \u00e9crits du philosophe Jean-Jacques Wunenburger \u00e0 travers le monde","robots":{"index":"index","follow":"follow","max-snippet":"max-snippet:-1","max-image-preview":"max-image-preview:large","max-video-preview":"max-video-preview:-1"},"canonical":"https:\/\/jean-jacques-wunenburger.com\/index.php\/critiques-commentateurs\/","og_locale":"en_US","og_type":"article","og_title":"Critiques - Jean-Jacques Wunenburger","og_description":"Critiques, commentaires et commentateurs, r\u00e9ceptions des divers \u00e9crits du philosophe Jean-Jacques Wunenburger \u00e0 travers le monde","og_url":"https:\/\/jean-jacques-wunenburger.com\/index.php\/critiques-commentateurs\/","og_site_name":"Jean-Jacques Wunenburger","article_modified_time":"2024-05-14T12:25:12+00:00","og_image":[{"width":1280,"height":854,"url":"https:\/\/jean-jacques-wunenburger.com\/wp-content\/uploads\/2023\/07\/conference-3248255_1280.jpg","type":"image\/jpeg"}],"twitter_card":"summary_large_image","twitter_misc":{"Est. reading time":"1 minute"},"schema":{"@context":"https:\/\/schema.org","@graph":[{"@type":"WebPage","@id":"https:\/\/jean-jacques-wunenburger.com\/index.php\/critiques-commentateurs\/","url":"https:\/\/jean-jacques-wunenburger.com\/index.php\/critiques-commentateurs\/","name":"Critiques - Jean-Jacques Wunenburger","isPartOf":{"@id":"https:\/\/jean-jacques-wunenburger.com\/#website"},"primaryImageOfPage":{"@id":"https:\/\/jean-jacques-wunenburger.com\/index.php\/critiques-commentateurs\/#primaryimage"},"image":{"@id":"https:\/\/jean-jacques-wunenburger.com\/index.php\/critiques-commentateurs\/#primaryimage"},"thumbnailUrl":"https:\/\/jean-jacques-wunenburger.com\/wp-content\/uploads\/2023\/07\/conference-3248255_1280.jpg","datePublished":"2023-02-27T11:11:44+00:00","dateModified":"2024-05-14T12:25:12+00:00","description":"Critiques, commentaires et commentateurs, r\u00e9ceptions des divers \u00e9crits du philosophe Jean-Jacques Wunenburger \u00e0 travers le monde","breadcrumb":{"@id":"https:\/\/jean-jacques-wunenburger.com\/index.php\/critiques-commentateurs\/#breadcrumb"},"inLanguage":"en-US","potentialAction":[{"@type":"ReadAction","target":["https:\/\/jean-jacques-wunenburger.com\/index.php\/critiques-commentateurs\/"]}]},{"@type":"ImageObject","inLanguage":"en-US","@id":"https:\/\/jean-jacques-wunenburger.com\/index.php\/critiques-commentateurs\/#primaryimage","url":"https:\/\/jean-jacques-wunenburger.com\/wp-content\/uploads\/2023\/07\/conference-3248255_1280.jpg","contentUrl":"https:\/\/jean-jacques-wunenburger.com\/wp-content\/uploads\/2023\/07\/conference-3248255_1280.jpg","width":1280,"height":854,"caption":"critiques des livres et articles de jean-jacques wunenburger"},{"@type":"BreadcrumbList","@id":"https:\/\/jean-jacques-wunenburger.com\/index.php\/critiques-commentateurs\/#breadcrumb","itemListElement":[{"@type":"ListItem","position":1,"name":"Accueil","item":"https:\/\/jean-jacques-wunenburger.com\/"},{"@type":"ListItem","position":2,"name":"Critiques"}]},{"@type":"WebSite","@id":"https:\/\/jean-jacques-wunenburger.com\/#website","url":"https:\/\/jean-jacques-wunenburger.com\/","name":"Jean-Jacques Wunenburger","description":"Philosophe, Professeur \u00e9m\u00e9rite","potentialAction":[{"@type":"SearchAction","target":{"@type":"EntryPoint","urlTemplate":"https:\/\/jean-jacques-wunenburger.com\/?s={search_term_string}"},"query-input":{"@type":"PropertyValueSpecification","valueRequired":true,"valueName":"search_term_string"}}],"inLanguage":"en-US"}]}},"_links":{"self":[{"href":"https:\/\/jean-jacques-wunenburger.com\/index.php\/wp-json\/wp\/v2\/pages\/207","targetHints":{"allow":["GET"]}}],"collection":[{"href":"https:\/\/jean-jacques-wunenburger.com\/index.php\/wp-json\/wp\/v2\/pages"}],"about":[{"href":"https:\/\/jean-jacques-wunenburger.com\/index.php\/wp-json\/wp\/v2\/types\/page"}],"author":[{"embeddable":true,"href":"https:\/\/jean-jacques-wunenburger.com\/index.php\/wp-json\/wp\/v2\/users\/1"}],"replies":[{"embeddable":true,"href":"https:\/\/jean-jacques-wunenburger.com\/index.php\/wp-json\/wp\/v2\/comments?post=207"}],"version-history":[{"count":42,"href":"https:\/\/jean-jacques-wunenburger.com\/index.php\/wp-json\/wp\/v2\/pages\/207\/revisions"}],"predecessor-version":[{"id":1375,"href":"https:\/\/jean-jacques-wunenburger.com\/index.php\/wp-json\/wp\/v2\/pages\/207\/revisions\/1375"}],"wp:featuredmedia":[{"embeddable":true,"href":"https:\/\/jean-jacques-wunenburger.com\/index.php\/wp-json\/wp\/v2\/media\/1235"}],"wp:attachment":[{"href":"https:\/\/jean-jacques-wunenburger.com\/index.php\/wp-json\/wp\/v2\/media?parent=207"}],"curies":[{"name":"wp","href":"https:\/\/api.w.org\/{rel}","templated":true}]}}