{"id":210,"date":"2023-02-27T12:16:17","date_gmt":"2023-02-27T11:16:17","guid":{"rendered":"http:\/\/jean-jacques-wunenburger.com\/?page_id=210"},"modified":"2023-02-27T12:16:18","modified_gmt":"2023-02-27T11:16:18","slug":"publications-jean-jacques-wunneburger","status":"publish","type":"page","link":"https:\/\/jean-jacques-wunenburger.com\/index.php\/publications-jean-jacques-wunneburger\/","title":{"rendered":"Publications"},"content":{"rendered":"","protected":false},"excerpt":{"rendered":"","protected":false},"author":1,"featured_media":0,"parent":0,"menu_order":0,"comment_status":"closed","ping_status":"closed","template":"","meta":{"om_disable_all_campaigns":false,"_monsterinsights_skip_tracking":false,"_monsterinsights_sitenote_active":false,"_monsterinsights_sitenote_note":"","_monsterinsights_sitenote_category":0,"_uf_show_specific_survey":0,"_uf_disable_surveys":false,"footnotes":""},"class_list":["post-210","page","type-page","status-publish","hentry"],"aioseo_notices":[],"yoast_head":"<!-- This site is optimized with the Yoast SEO plugin v27.4 - https:\/\/yoast.com\/product\/yoast-seo-wordpress\/ -->\n<title>Publications - Jean-Jacques Wunenburger<\/title>\n<meta name=\"description\" content=\"Publications de Jean-Jacques Wunenburger, en France et \u00e0 l&#039;\u00e9tranger, conf\u00e9rences, livres, articles et directions \u00e9ditoriales\" \/>\n<meta name=\"robots\" content=\"index, follow, max-snippet:-1, max-image-preview:large, max-video-preview:-1\" \/>\n<link rel=\"canonical\" href=\"https:\/\/jean-jacques-wunenburger.com\/index.php\/publications-jean-jacques-wunneburger\/\" \/>\n<meta property=\"og:locale\" content=\"en_US\" \/>\n<meta property=\"og:type\" content=\"article\" \/>\n<meta property=\"og:title\" content=\"Publications - Jean-Jacques Wunenburger\" \/>\n<meta property=\"og:description\" content=\"Publications de Jean-Jacques Wunenburger, en France et \u00e0 l&#039;\u00e9tranger, conf\u00e9rences, livres, articles et directions \u00e9ditoriales\" \/>\n<meta property=\"og:url\" content=\"https:\/\/jean-jacques-wunenburger.com\/index.php\/publications-jean-jacques-wunneburger\/\" \/>\n<meta property=\"og:site_name\" content=\"Jean-Jacques Wunenburger\" \/>\n<meta property=\"article:modified_time\" content=\"2023-02-27T11:16:18+00:00\" \/>\n<meta name=\"twitter:card\" content=\"summary_large_image\" \/>\n<script type=\"application\/ld+json\" class=\"yoast-schema-graph\">{\"@context\":\"https:\\\/\\\/schema.org\",\"@graph\":[{\"@type\":\"WebPage\",\"@id\":\"https:\\\/\\\/jean-jacques-wunenburger.com\\\/index.php\\\/publications-jean-jacques-wunneburger\\\/\",\"url\":\"https:\\\/\\\/jean-jacques-wunenburger.com\\\/index.php\\\/publications-jean-jacques-wunneburger\\\/\",\"name\":\"Publications - Jean-Jacques Wunenburger\",\"isPartOf\":{\"@id\":\"https:\\\/\\\/jean-jacques-wunenburger.com\\\/#website\"},\"datePublished\":\"2023-02-27T11:16:17+00:00\",\"dateModified\":\"2023-02-27T11:16:18+00:00\",\"description\":\"Publications de Jean-Jacques Wunenburger, en France et \u00e0 l'\u00e9tranger, conf\u00e9rences, livres, articles et directions \u00e9ditoriales\",\"breadcrumb\":{\"@id\":\"https:\\\/\\\/jean-jacques-wunenburger.com\\\/index.php\\\/publications-jean-jacques-wunneburger\\\/#breadcrumb\"},\"inLanguage\":\"en-US\",\"potentialAction\":[{\"@type\":\"ReadAction\",\"target\":[\"https:\\\/\\\/jean-jacques-wunenburger.com\\\/index.php\\\/publications-jean-jacques-wunneburger\\\/\"]}]},{\"@type\":\"BreadcrumbList\",\"@id\":\"https:\\\/\\\/jean-jacques-wunenburger.com\\\/index.php\\\/publications-jean-jacques-wunneburger\\\/#breadcrumb\",\"itemListElement\":[{\"@type\":\"ListItem\",\"position\":1,\"name\":\"Accueil\",\"item\":\"https:\\\/\\\/jean-jacques-wunenburger.com\\\/\"},{\"@type\":\"ListItem\",\"position\":2,\"name\":\"Publications\"}]},{\"@type\":\"WebSite\",\"@id\":\"https:\\\/\\\/jean-jacques-wunenburger.com\\\/#website\",\"url\":\"https:\\\/\\\/jean-jacques-wunenburger.com\\\/\",\"name\":\"Jean-Jacques Wunenburger\",\"description\":\"Philosophe, Professeur \u00e9m\u00e9rite\",\"potentialAction\":[{\"@type\":\"SearchAction\",\"target\":{\"@type\":\"EntryPoint\",\"urlTemplate\":\"https:\\\/\\\/jean-jacques-wunenburger.com\\\/?s={search_term_string}\"},\"query-input\":{\"@type\":\"PropertyValueSpecification\",\"valueRequired\":true,\"valueName\":\"search_term_string\"}}],\"inLanguage\":\"en-US\"}]}<\/script>\n<!-- \/ Yoast SEO plugin. -->","yoast_head_json":{"title":"Publications - Jean-Jacques Wunenburger","description":"Publications de Jean-Jacques Wunenburger, en France et \u00e0 l'\u00e9tranger, conf\u00e9rences, livres, articles et directions \u00e9ditoriales","robots":{"index":"index","follow":"follow","max-snippet":"max-snippet:-1","max-image-preview":"max-image-preview:large","max-video-preview":"max-video-preview:-1"},"canonical":"https:\/\/jean-jacques-wunenburger.com\/index.php\/publications-jean-jacques-wunneburger\/","og_locale":"en_US","og_type":"article","og_title":"Publications - Jean-Jacques Wunenburger","og_description":"Publications de Jean-Jacques Wunenburger, en France et \u00e0 l'\u00e9tranger, conf\u00e9rences, livres, articles et directions \u00e9ditoriales","og_url":"https:\/\/jean-jacques-wunenburger.com\/index.php\/publications-jean-jacques-wunneburger\/","og_site_name":"Jean-Jacques Wunenburger","article_modified_time":"2023-02-27T11:16:18+00:00","twitter_card":"summary_large_image","schema":{"@context":"https:\/\/schema.org","@graph":[{"@type":"WebPage","@id":"https:\/\/jean-jacques-wunenburger.com\/index.php\/publications-jean-jacques-wunneburger\/","url":"https:\/\/jean-jacques-wunenburger.com\/index.php\/publications-jean-jacques-wunneburger\/","name":"Publications - Jean-Jacques Wunenburger","isPartOf":{"@id":"https:\/\/jean-jacques-wunenburger.com\/#website"},"datePublished":"2023-02-27T11:16:17+00:00","dateModified":"2023-02-27T11:16:18+00:00","description":"Publications de Jean-Jacques Wunenburger, en France et \u00e0 l'\u00e9tranger, conf\u00e9rences, livres, articles et directions \u00e9ditoriales","breadcrumb":{"@id":"https:\/\/jean-jacques-wunenburger.com\/index.php\/publications-jean-jacques-wunneburger\/#breadcrumb"},"inLanguage":"en-US","potentialAction":[{"@type":"ReadAction","target":["https:\/\/jean-jacques-wunenburger.com\/index.php\/publications-jean-jacques-wunneburger\/"]}]},{"@type":"BreadcrumbList","@id":"https:\/\/jean-jacques-wunenburger.com\/index.php\/publications-jean-jacques-wunneburger\/#breadcrumb","itemListElement":[{"@type":"ListItem","position":1,"name":"Accueil","item":"https:\/\/jean-jacques-wunenburger.com\/"},{"@type":"ListItem","position":2,"name":"Publications"}]},{"@type":"WebSite","@id":"https:\/\/jean-jacques-wunenburger.com\/#website","url":"https:\/\/jean-jacques-wunenburger.com\/","name":"Jean-Jacques Wunenburger","description":"Philosophe, Professeur \u00e9m\u00e9rite","potentialAction":[{"@type":"SearchAction","target":{"@type":"EntryPoint","urlTemplate":"https:\/\/jean-jacques-wunenburger.com\/?s={search_term_string}"},"query-input":{"@type":"PropertyValueSpecification","valueRequired":true,"valueName":"search_term_string"}}],"inLanguage":"en-US"}]}},"_links":{"self":[{"href":"https:\/\/jean-jacques-wunenburger.com\/index.php\/wp-json\/wp\/v2\/pages\/210","targetHints":{"allow":["GET"]}}],"collection":[{"href":"https:\/\/jean-jacques-wunenburger.com\/index.php\/wp-json\/wp\/v2\/pages"}],"about":[{"href":"https:\/\/jean-jacques-wunenburger.com\/index.php\/wp-json\/wp\/v2\/types\/page"}],"author":[{"embeddable":true,"href":"https:\/\/jean-jacques-wunenburger.com\/index.php\/wp-json\/wp\/v2\/users\/1"}],"replies":[{"embeddable":true,"href":"https:\/\/jean-jacques-wunenburger.com\/index.php\/wp-json\/wp\/v2\/comments?post=210"}],"version-history":[{"count":1,"href":"https:\/\/jean-jacques-wunenburger.com\/index.php\/wp-json\/wp\/v2\/pages\/210\/revisions"}],"predecessor-version":[{"id":212,"href":"https:\/\/jean-jacques-wunenburger.com\/index.php\/wp-json\/wp\/v2\/pages\/210\/revisions\/212"}],"wp:attachment":[{"href":"https:\/\/jean-jacques-wunenburger.com\/index.php\/wp-json\/wp\/v2\/media?parent=210"}],"curies":[{"name":"wp","href":"https:\/\/api.w.org\/{rel}","templated":true}]}}