{"id":276,"date":"2023-02-27T16:20:03","date_gmt":"2023-02-27T15:20:03","guid":{"rendered":"http:\/\/jean-jacques-wunenburger.com\/?page_id=276"},"modified":"2023-10-05T17:37:20","modified_gmt":"2023-10-05T15:37:20","slug":"biographie-jean-jacques-wunenburger","status":"publish","type":"page","link":"https:\/\/jean-jacques-wunenburger.com\/index.php\/biographie-jean-jacques-wunenburger\/","title":{"rendered":"Biographie"},"content":{"rendered":"\t\t<div data-elementor-type=\"wp-page\" data-elementor-id=\"276\" class=\"elementor elementor-276\">\n\t\t\t\t<div class=\"elementor-element elementor-element-ea34ee5 e-flex e-con-boxed e-con e-parent\" data-id=\"ea34ee5\" data-element_type=\"container\" data-e-type=\"container\">\n\t\t\t\t\t<div class=\"e-con-inner\">\n\t\t\t\t<div class=\"elementor-element elementor-element-1d14433 elementor-widget elementor-widget-heading\" data-id=\"1d14433\" data-element_type=\"widget\" data-e-type=\"widget\" data-widget_type=\"heading.default\">\n\t\t\t\t<div class=\"elementor-widget-container\">\n\t\t\t\t\t<h1 class=\"elementor-heading-title elementor-size-xl\">Biographie de Jean-Jacques Wunenburger  <\/h1>\t\t\t\t<\/div>\n\t\t\t\t<\/div>\n\t\t\t\t\t<\/div>\n\t\t\t\t<\/div>\n\t\t<div class=\"elementor-element elementor-element-f03edc0 e-flex e-con-boxed e-con e-parent\" data-id=\"f03edc0\" data-element_type=\"container\" data-e-type=\"container\">\n\t\t\t\t\t<div class=\"e-con-inner\">\n\t\t\t\t<div class=\"elementor-element elementor-element-08b2084 elementor-widget elementor-widget-spacer\" data-id=\"08b2084\" data-element_type=\"widget\" data-e-type=\"widget\" data-widget_type=\"spacer.default\">\n\t\t\t\t<div class=\"elementor-widget-container\">\n\t\t\t\t\t\t\t<div class=\"elementor-spacer\">\n\t\t\t<div class=\"elementor-spacer-inner\"><\/div>\n\t\t<\/div>\n\t\t\t\t\t\t<\/div>\n\t\t\t\t<\/div>\n\t\t\t\t\t<\/div>\n\t\t\t\t<\/div>\n\t\t<div class=\"elementor-element elementor-element-4641d13 e-flex e-con-boxed e-con e-parent\" data-id=\"4641d13\" data-element_type=\"container\" data-e-type=\"container\">\n\t\t\t\t\t<div class=\"e-con-inner\">\n\t\t\t\t<div class=\"elementor-element elementor-element-d60e0d9 elementor-widget elementor-widget-text-editor\" data-id=\"d60e0d9\" data-element_type=\"widget\" data-e-type=\"widget\" data-widget_type=\"text-editor.default\">\n\t\t\t\t<div class=\"elementor-widget-container\">\n\t\t\t\t\t\t\t\t\t<p>Biographie d\u00e9taill\u00e9e de Jean-Jacques WUNENBURGER, n\u00e9 le 28 Ao\u00fbt 1946, Professeur \u00e9m\u00e9rite de philosophie g\u00e9n\u00e9rale \u00e0 l&#8217;Universit\u00e9 Jean Moulin Lyon 3 (France).\u00a0<\/p><p>Jean-Jacques Wunenburger est n\u00e9 <a href=\"https:\/\/www.cultura.com\/p-l-alsace-une-inquietante-etrangete-9782954554297.html\" target=\"_blank\" rel=\"noopener\">en Alsace<\/a>. Ses \u00e9tudes secondaires commencent au lyc\u00e9e d\u2019\u00c9tat de gar\u00e7ons (devenu par la suite Lyc\u00e9e Albert Schweizer) de Mulhouse jusqu&#8217;au baccalaur\u00e9at (1964). Le dipl\u00f4me lui donne acc\u00e8s \u00e0 une ann\u00e9e de Classes Pr\u00e9paratoires aux grandes \u00e9coles au Lyc\u00e9e Carnot de Dijon en 1964-65. Il entame ensuite \u00e0 l\u2019Universit\u00e9 de Dijon une Licence de philosophie, une ma\u00eetrise et un DEA.\u00a0<\/p><p>Laur\u00e9at du CAPES de philosophie en 1969 puis de l\u2019agr\u00e9gation de philosophie (7eme rang), il d\u00e9bute dans l\u2019enseignement secondaire au Lyc\u00e9e de jeunes filles de Troyes (Aube). Il enseigne la philosophie pendant deux ans \u00e0 l\u2019\u00c9cole Normale d\u2019instituteurs de Kasserine en Tunisie, au titre de coop\u00e9rant militaire puis civil (1971-1973).\u00a0<\/p><p>De retour en France, il professe au Lyc\u00e9e d\u2019\u00c9tat de Corbeil-Essonnes (1973-1977). Il est d\u00e9tach\u00e9 comme assistant d&#8217;Universit\u00e9 \u00e0 Dijon (1977) puis nomm\u00e9, apr\u00e8s son Doctorat de troisi\u00e8me cycle, Ma\u00cftre-Assistant. Enfin professeur \u00e0apr\u00e8s son Doctorat d&#8217;\u00c9tat, en 1983, \u00e0 l&#8217;Universit\u00e9 de Dijon au d\u00e9partement de philosophie, dirig\u00e9 par le professeur<span style=\"color: var( --e-global-color-text ); font-family: var( --e-global-typography-text-font-family ), Sans-serif; font-weight: var( --e-global-typography-text-font-weight ); text-align: var(--text-align);\">\u00a0<a href=\"https:\/\/fr.wikipedia.org\/wiki\/Jean_Brun_(philosophe)\" target=\"_blank\" rel=\"noopener\">Jean Brun<\/a>.\u00a0<\/span><\/p><p>Le professeur enseigne \u00e0 Dijon pendant 23 ans, jusqu&#8217;en 1999. Date \u00e0 laquelle l&#8217;Universit\u00e9 Lyon 3 lui propose un poste de professeur de Philosophie G\u00e9n\u00e9rale. L&#8217;ann\u00e9e suivante il est \u00e9lu Doyen puis reconduit jusqu&#8217;en 2010. Professeur \u00e9m\u00e9rite depuis 2014 il participe \u00e0 de nombreuses conf\u00e9rences en France et \u00e0 l&#8217;\u00e9tranger o\u00f9 certains de ses ouvrages sont traduits<span style=\"color: var( --e-global-color-text ); font-family: var( --e-global-typography-text-font-family ), Sans-serif; font-weight: var( --e-global-typography-text-font-weight );\">.<\/span><\/p><p><a href=\"https:\/\/jean-jacques-wunenburger.com\/index.php\/curriculum-vitae-jean-jacques-wunenburger\/\" target=\"_blank\" rel=\"noopener\">Cliquez ici pour consulter son CV.<\/a><\/p>\t\t\t\t\t\t\t\t<\/div>\n\t\t\t\t<\/div>\n\t\t\t\t\t<\/div>\n\t\t\t\t<\/div>\n\t\t<div class=\"elementor-element elementor-element-f4bd2ec e-flex e-con-boxed e-con e-parent\" data-id=\"f4bd2ec\" data-element_type=\"container\" data-e-type=\"container\">\n\t\t\t\t\t<div class=\"e-con-inner\">\n\t\t\t\t\t<\/div>\n\t\t\t\t<\/div>\n\t\t<div class=\"elementor-element elementor-element-73c3e4f e-flex e-con-boxed e-con e-parent\" data-id=\"73c3e4f\" data-element_type=\"container\" data-e-type=\"container\">\n\t\t\t\t\t<div class=\"e-con-inner\">\n\t\t\t\t<div class=\"elementor-element elementor-element-3c88981 elementor-widget elementor-widget-heading\" data-id=\"3c88981\" data-element_type=\"widget\" data-e-type=\"widget\" data-widget_type=\"heading.default\">\n\t\t\t\t<div class=\"elementor-widget-container\">\n\t\t\t\t\t<h2 class=\"elementor-heading-title elementor-size-default\">Ses publications<\/h2>\t\t\t\t<\/div>\n\t\t\t\t<\/div>\n\t\t\t\t\t<\/div>\n\t\t\t\t<\/div>\n\t\t<div class=\"elementor-element elementor-element-d37c7c5 e-flex e-con-boxed e-con e-parent\" data-id=\"d37c7c5\" data-element_type=\"container\" data-e-type=\"container\">\n\t\t\t\t\t<div class=\"e-con-inner\">\n\t\t\t\t<div class=\"elementor-element elementor-element-efbaa43 elementor-widget elementor-widget-text-editor\" data-id=\"efbaa43\" data-element_type=\"widget\" data-e-type=\"widget\" data-widget_type=\"text-editor.default\">\n\t\t\t\t<div class=\"elementor-widget-container\">\n\t\t\t\t\t\t\t\t\t<p>Quant \u00e0 ses publications elles sont nombreuses. Il publie aux PUF dans la collection &#8220;Que sais-je&#8221; un premier livre sur&nbsp;<span style=\"color: var( --e-global-color-text ); font-family: var( --e-global-typography-text-font-family ), Sans-serif; font-weight: var( --e-global-typography-text-font-weight ); text-align: var(--text-align);\">Il <a href=\"https:\/\/www.quesaisje.com\/content\/Le_sacr%C3%A9#:~:text=Le%20sacr%C3%A9%20semble%20ins%C3%A9parable%20de,l'invisible%20sur%20diff%C3%A9rents%20modes.\" target=\"_blank\" rel=\"noopener\">Sacr\u00e9<\/a>&nbsp;en 1981 puis un second sur <a href=\"https:\/\/www.quesaisje.com\/content\/Limaginaire\" target=\"_blank\" rel=\"noopener\">l&#8217;imaginaire<\/a> en 2003. Ces textes sont constamment r\u00e9\u00e9dit\u00e9s depuis.&nbsp;<\/span><\/p>\n<p>Il est l&#8217;auteur de plus de 25 ouvrages, de plus de 400 articles et de 35 directions d&#8217;ouvrages collectifs. Particuli\u00e8rement lu et appr\u00e9ci\u00e9 au Br\u00e9sil, en Roumanie, en Italie et au Japon o\u00f9 certains de ses livres sont traduits.<span style=\"color: var( --e-global-color-text ); font-family: var( --e-global-typography-text-font-family ), Sans-serif; font-weight: var( --e-global-typography-text-font-weight );\">&nbsp;<\/span><\/p>\t\t\t\t\t\t\t\t<\/div>\n\t\t\t\t<\/div>\n\t\t\t\t\t<\/div>\n\t\t\t\t<\/div>\n\t\t<div class=\"elementor-element elementor-element-4339587 e-flex e-con-boxed e-con e-parent\" data-id=\"4339587\" data-element_type=\"container\" data-e-type=\"container\">\n\t\t\t\t\t<div class=\"e-con-inner\">\n\t\t\t\t<div class=\"elementor-element elementor-element-0d24a46 elementor-widget elementor-widget-heading\" data-id=\"0d24a46\" data-element_type=\"widget\" data-e-type=\"widget\" data-widget_type=\"heading.default\">\n\t\t\t\t<div class=\"elementor-widget-container\">\n\t\t\t\t\t<h2 class=\"elementor-heading-title elementor-size-default\">Ses travaux<\/h2>\t\t\t\t<\/div>\n\t\t\t\t<\/div>\n\t\t\t\t\t<\/div>\n\t\t\t\t<\/div>\n\t\t<div class=\"elementor-element elementor-element-500071b e-flex e-con-boxed e-con e-parent\" data-id=\"500071b\" data-element_type=\"container\" data-e-type=\"container\">\n\t\t\t\t\t<div class=\"e-con-inner\">\n\t\t\t\t<div class=\"elementor-element elementor-element-23cf424 elementor-widget elementor-widget-text-editor\" data-id=\"23cf424\" data-element_type=\"widget\" data-e-type=\"widget\" data-widget_type=\"text-editor.default\">\n\t\t\t\t<div class=\"elementor-widget-container\">\n\t\t\t\t\t\t\t\t\t<p>Ses recherches philosophiques, qu\u2019il con\u00e7oit ouvertes sur l\u2019ensemble de l\u2019histoire de la philosophie, des sciences humaines et sociales et des probl\u00e8mes du monde contemporain, portent pour l\u2019essentiel sur les rapports de la rationalit\u00e9 philosophique et scientifique avec l\u2019image, l\u2019imagination et l\u2019imaginaire (visuel et narratif) dans leurs consistances symboliques.<\/p><p>Au fil des ann\u00e9es, il s\u2019engage de plus en plus dans l\u2019\u00e9tude du bachelardisme, ses conceptions, sa r\u00e9ception dans le monde, aussi bien dans son versant \u00e9pist\u00e9mologique que po\u00e9tique et esth\u00e9tique, aussi bien \u00e0 l\u2019universit\u00e9 (Dijon, Lyon3) que dans l\u2019association internationale G. Bachelard (AIGB), jusqu\u2019\u00e0 la cr\u00e9ation des <em>Bachelard studies<\/em> et la co-direction avec G.Hi\u00e9ronimus de la nouvelle \u00e9dition annot\u00e9e de Bachelard aux Presses universitaires de France (2020).<\/p><p>Il participe \u00e0 de nombreux colloques et conf\u00e9rences \u00e0 l\u2019\u00e9tranger sur Bachelard (de P\u00e9kin \u00e0 Buenos-Aires, de Qu\u00e9bec \u00e0 Rio de Janeiro ou S\u00e9oul) et co-dirige avce F. Araujo, des publications en portugais au Br\u00e9sil. L\u2019esth\u00e9tique bachelardienne de la po\u00e9tique des 4 \u00e9l\u00e9ments (feu, eau, air et terre) le conduit \u00e0 se rapprocher de la g\u00e9opo\u00e9tique et des questions paysag\u00e8res (proche des travaux de Kenneth White et de Augustin Berque). Parall\u00e8lement, il a r\u00e9guli\u00e8rement\u00a0 \u0153uvr\u00e9 \u00e0 la r\u00e9habilitation \u00e9pist\u00e9mologique de la notion de rythme (pr\u00e9par\u00e9e par G.Bachelard dans <em>La dialectique de la dur\u00e9e<\/em>), comme synth\u00e8se complexe et dynamique de l\u2019espace et du temps.<\/p><p>Proche de plusieurs artistes contemporains (qui l\u2019invitent \u00e0 r\u00e9diger des pr\u00e9faces \u00e0 leur catalogue), il d\u00e9veloppe des approches esth\u00e9tiques, inspir\u00e9es de la ph\u00e9nom\u00e9nologie et de l\u2019herm\u00e9neutique. Ouvrant sur une critique des exc\u00e8s des arts plastiques contemporains et sur une r\u00e9interpr\u00e9tation esth\u00e9tique du paradigme th\u00e9ologique de la transfiguration.<\/p><p>\u00a0<\/p>\t\t\t\t\t\t\t\t<\/div>\n\t\t\t\t<\/div>\n\t\t\t\t\t<\/div>\n\t\t\t\t<\/div>\n\t\t<div class=\"elementor-element elementor-element-b07869f e-flex e-con-boxed e-con e-parent\" data-id=\"b07869f\" data-element_type=\"container\" data-e-type=\"container\">\n\t\t\t\t\t<div class=\"e-con-inner\">\n\t\t\t\t<div class=\"elementor-element elementor-element-db06401 elementor-widget-divider--view-line elementor-widget elementor-widget-divider\" data-id=\"db06401\" data-element_type=\"widget\" data-e-type=\"widget\" data-widget_type=\"divider.default\">\n\t\t\t\t<div class=\"elementor-widget-container\">\n\t\t\t\t\t\t\t<div class=\"elementor-divider\">\n\t\t\t<span class=\"elementor-divider-separator\">\n\t\t\t\t\t\t<\/span>\n\t\t<\/div>\n\t\t\t\t\t\t<\/div>\n\t\t\t\t<\/div>\n\t\t\t\t\t<\/div>\n\t\t\t\t<\/div>\n\t\t<div class=\"elementor-element elementor-element-ffef82c e-flex e-con-boxed e-con e-parent\" data-id=\"ffef82c\" data-element_type=\"container\" data-e-type=\"container\">\n\t\t\t\t\t<div class=\"e-con-inner\">\n\t\t\t\t\t<\/div>\n\t\t\t\t<\/div>\n\t\t\t\t<\/div>\n\t\t","protected":false},"excerpt":{"rendered":"<p>Biographie de Jean-Jacques Wunenburger Biographie d\u00e9taill\u00e9e de Jean-Jacques WUNENBURGER, n\u00e9 le 28 Ao\u00fbt 1946, Professeur \u00e9m\u00e9rite de philosophie g\u00e9n\u00e9rale \u00e0 l&#8217;Universit\u00e9 Jean Moulin Lyon 3 (France).\u00a0 Jean-Jacques Wunenburger est n\u00e9 en Alsace. Ses \u00e9tudes secondaires commencent au lyc\u00e9e d\u2019\u00c9tat de gar\u00e7ons (devenu par la suite Lyc\u00e9e Albert Schweizer) de Mulhouse jusqu&#8217;au baccalaur\u00e9at (1964). Le dipl\u00f4me<\/p>\n<div class=\"more-link\">\n\t\t\t\t <a href=\"https:\/\/jean-jacques-wunenburger.com\/index.php\/biographie-jean-jacques-wunenburger\/\" class=\"link-btn theme-btn\"><span>Read More <\/span> <i class=\"fa fa-caret-right\"><\/i><\/a>\n\t\t\t<\/div>\n","protected":false},"author":1,"featured_media":12,"parent":0,"menu_order":0,"comment_status":"closed","ping_status":"closed","template":"","meta":{"om_disable_all_campaigns":false,"_monsterinsights_skip_tracking":false,"_monsterinsights_sitenote_active":false,"_monsterinsights_sitenote_note":"","_monsterinsights_sitenote_category":0,"_uf_show_specific_survey":0,"_uf_disable_surveys":false,"footnotes":""},"class_list":["post-276","page","type-page","status-publish","has-post-thumbnail","hentry"],"aioseo_notices":[],"yoast_head":"<!-- This site is optimized with the Yoast SEO plugin v27.4 - https:\/\/yoast.com\/product\/yoast-seo-wordpress\/ -->\n<title>Biographie - Jean-Jacques Wunenburger<\/title>\n<meta name=\"description\" content=\"biographie d\u00e9taill\u00e9e du philosophe jean-jacques wunenburger, auteur, conf\u00e9rencier, professeur \u00e9m\u00e9rite de philosophie\" \/>\n<meta name=\"robots\" content=\"index, follow, max-snippet:-1, max-image-preview:large, max-video-preview:-1\" \/>\n<link rel=\"canonical\" href=\"https:\/\/jean-jacques-wunenburger.com\/index.php\/biographie-jean-jacques-wunenburger\/\" \/>\n<meta property=\"og:locale\" content=\"en_US\" \/>\n<meta property=\"og:type\" content=\"article\" \/>\n<meta property=\"og:title\" content=\"Biographie - Jean-Jacques Wunenburger\" \/>\n<meta property=\"og:description\" content=\"biographie d\u00e9taill\u00e9e du philosophe jean-jacques wunenburger, auteur, conf\u00e9rencier, professeur \u00e9m\u00e9rite de philosophie\" \/>\n<meta property=\"og:url\" content=\"https:\/\/jean-jacques-wunenburger.com\/index.php\/biographie-jean-jacques-wunenburger\/\" \/>\n<meta property=\"og:site_name\" content=\"Jean-Jacques Wunenburger\" \/>\n<meta property=\"article:modified_time\" content=\"2023-10-05T15:37:20+00:00\" \/>\n<meta property=\"og:image\" content=\"https:\/\/jean-jacques-wunenburger.com\/wp-content\/uploads\/2023\/02\/cropped-cropped-wunenburger-2022-1.jpg\" \/>\n\t<meta property=\"og:image:width\" content=\"1000\" \/>\n\t<meta property=\"og:image:height\" content=\"1335\" \/>\n\t<meta property=\"og:image:type\" content=\"image\/jpeg\" \/>\n<meta name=\"twitter:card\" content=\"summary_large_image\" \/>\n<meta name=\"twitter:label1\" content=\"Est. reading time\" \/>\n\t<meta name=\"twitter:data1\" content=\"3 minutes\" \/>\n<script type=\"application\/ld+json\" class=\"yoast-schema-graph\">{\"@context\":\"https:\\\/\\\/schema.org\",\"@graph\":[{\"@type\":\"WebPage\",\"@id\":\"https:\\\/\\\/jean-jacques-wunenburger.com\\\/index.php\\\/biographie-jean-jacques-wunenburger\\\/\",\"url\":\"https:\\\/\\\/jean-jacques-wunenburger.com\\\/index.php\\\/biographie-jean-jacques-wunenburger\\\/\",\"name\":\"Biographie - Jean-Jacques Wunenburger\",\"isPartOf\":{\"@id\":\"http:\\\/\\\/jean-jacques-wunenburger.com\\\/#website\"},\"primaryImageOfPage\":{\"@id\":\"https:\\\/\\\/jean-jacques-wunenburger.com\\\/index.php\\\/biographie-jean-jacques-wunenburger\\\/#primaryimage\"},\"image\":{\"@id\":\"https:\\\/\\\/jean-jacques-wunenburger.com\\\/index.php\\\/biographie-jean-jacques-wunenburger\\\/#primaryimage\"},\"thumbnailUrl\":\"https:\\\/\\\/jean-jacques-wunenburger.com\\\/wp-content\\\/uploads\\\/2023\\\/02\\\/cropped-cropped-wunenburger-2022-1.jpg\",\"datePublished\":\"2023-02-27T15:20:03+00:00\",\"dateModified\":\"2023-10-05T15:37:20+00:00\",\"description\":\"biographie d\u00e9taill\u00e9e du philosophe jean-jacques wunenburger, auteur, conf\u00e9rencier, professeur \u00e9m\u00e9rite de philosophie\",\"breadcrumb\":{\"@id\":\"https:\\\/\\\/jean-jacques-wunenburger.com\\\/index.php\\\/biographie-jean-jacques-wunenburger\\\/#breadcrumb\"},\"inLanguage\":\"en-US\",\"potentialAction\":[{\"@type\":\"ReadAction\",\"target\":[\"https:\\\/\\\/jean-jacques-wunenburger.com\\\/index.php\\\/biographie-jean-jacques-wunenburger\\\/\"]}]},{\"@type\":\"ImageObject\",\"inLanguage\":\"en-US\",\"@id\":\"https:\\\/\\\/jean-jacques-wunenburger.com\\\/index.php\\\/biographie-jean-jacques-wunenburger\\\/#primaryimage\",\"url\":\"https:\\\/\\\/jean-jacques-wunenburger.com\\\/wp-content\\\/uploads\\\/2023\\\/02\\\/cropped-cropped-wunenburger-2022-1.jpg\",\"contentUrl\":\"https:\\\/\\\/jean-jacques-wunenburger.com\\\/wp-content\\\/uploads\\\/2023\\\/02\\\/cropped-cropped-wunenburger-2022-1.jpg\",\"width\":1000,\"height\":1335,\"caption\":\"Jean-Jacques Wunenburger\"},{\"@type\":\"BreadcrumbList\",\"@id\":\"https:\\\/\\\/jean-jacques-wunenburger.com\\\/index.php\\\/biographie-jean-jacques-wunenburger\\\/#breadcrumb\",\"itemListElement\":[{\"@type\":\"ListItem\",\"position\":1,\"name\":\"Accueil\",\"item\":\"http:\\\/\\\/jean-jacques-wunenburger.com\\\/\"},{\"@type\":\"ListItem\",\"position\":2,\"name\":\"Biographie\"}]},{\"@type\":\"WebSite\",\"@id\":\"http:\\\/\\\/jean-jacques-wunenburger.com\\\/#website\",\"url\":\"http:\\\/\\\/jean-jacques-wunenburger.com\\\/\",\"name\":\"Jean-Jacques Wunenburger\",\"description\":\"Philosophe, Professeur \u00e9m\u00e9rite\",\"potentialAction\":[{\"@type\":\"SearchAction\",\"target\":{\"@type\":\"EntryPoint\",\"urlTemplate\":\"http:\\\/\\\/jean-jacques-wunenburger.com\\\/?s={search_term_string}\"},\"query-input\":{\"@type\":\"PropertyValueSpecification\",\"valueRequired\":true,\"valueName\":\"search_term_string\"}}],\"inLanguage\":\"en-US\"}]}<\/script>\n<!-- \/ Yoast SEO plugin. -->","yoast_head_json":{"title":"Biographie - Jean-Jacques Wunenburger","description":"biographie d\u00e9taill\u00e9e du philosophe jean-jacques wunenburger, auteur, conf\u00e9rencier, professeur \u00e9m\u00e9rite de philosophie","robots":{"index":"index","follow":"follow","max-snippet":"max-snippet:-1","max-image-preview":"max-image-preview:large","max-video-preview":"max-video-preview:-1"},"canonical":"https:\/\/jean-jacques-wunenburger.com\/index.php\/biographie-jean-jacques-wunenburger\/","og_locale":"en_US","og_type":"article","og_title":"Biographie - Jean-Jacques Wunenburger","og_description":"biographie d\u00e9taill\u00e9e du philosophe jean-jacques wunenburger, auteur, conf\u00e9rencier, professeur \u00e9m\u00e9rite de philosophie","og_url":"https:\/\/jean-jacques-wunenburger.com\/index.php\/biographie-jean-jacques-wunenburger\/","og_site_name":"Jean-Jacques Wunenburger","article_modified_time":"2023-10-05T15:37:20+00:00","og_image":[{"width":1000,"height":1335,"url":"https:\/\/jean-jacques-wunenburger.com\/wp-content\/uploads\/2023\/02\/cropped-cropped-wunenburger-2022-1.jpg","type":"image\/jpeg"}],"twitter_card":"summary_large_image","twitter_misc":{"Est. reading time":"3 minutes"},"schema":{"@context":"https:\/\/schema.org","@graph":[{"@type":"WebPage","@id":"https:\/\/jean-jacques-wunenburger.com\/index.php\/biographie-jean-jacques-wunenburger\/","url":"https:\/\/jean-jacques-wunenburger.com\/index.php\/biographie-jean-jacques-wunenburger\/","name":"Biographie - Jean-Jacques Wunenburger","isPartOf":{"@id":"http:\/\/jean-jacques-wunenburger.com\/#website"},"primaryImageOfPage":{"@id":"https:\/\/jean-jacques-wunenburger.com\/index.php\/biographie-jean-jacques-wunenburger\/#primaryimage"},"image":{"@id":"https:\/\/jean-jacques-wunenburger.com\/index.php\/biographie-jean-jacques-wunenburger\/#primaryimage"},"thumbnailUrl":"https:\/\/jean-jacques-wunenburger.com\/wp-content\/uploads\/2023\/02\/cropped-cropped-wunenburger-2022-1.jpg","datePublished":"2023-02-27T15:20:03+00:00","dateModified":"2023-10-05T15:37:20+00:00","description":"biographie d\u00e9taill\u00e9e du philosophe jean-jacques wunenburger, auteur, conf\u00e9rencier, professeur \u00e9m\u00e9rite de philosophie","breadcrumb":{"@id":"https:\/\/jean-jacques-wunenburger.com\/index.php\/biographie-jean-jacques-wunenburger\/#breadcrumb"},"inLanguage":"en-US","potentialAction":[{"@type":"ReadAction","target":["https:\/\/jean-jacques-wunenburger.com\/index.php\/biographie-jean-jacques-wunenburger\/"]}]},{"@type":"ImageObject","inLanguage":"en-US","@id":"https:\/\/jean-jacques-wunenburger.com\/index.php\/biographie-jean-jacques-wunenburger\/#primaryimage","url":"https:\/\/jean-jacques-wunenburger.com\/wp-content\/uploads\/2023\/02\/cropped-cropped-wunenburger-2022-1.jpg","contentUrl":"https:\/\/jean-jacques-wunenburger.com\/wp-content\/uploads\/2023\/02\/cropped-cropped-wunenburger-2022-1.jpg","width":1000,"height":1335,"caption":"Jean-Jacques Wunenburger"},{"@type":"BreadcrumbList","@id":"https:\/\/jean-jacques-wunenburger.com\/index.php\/biographie-jean-jacques-wunenburger\/#breadcrumb","itemListElement":[{"@type":"ListItem","position":1,"name":"Accueil","item":"http:\/\/jean-jacques-wunenburger.com\/"},{"@type":"ListItem","position":2,"name":"Biographie"}]},{"@type":"WebSite","@id":"http:\/\/jean-jacques-wunenburger.com\/#website","url":"http:\/\/jean-jacques-wunenburger.com\/","name":"Jean-Jacques Wunenburger","description":"Philosophe, Professeur \u00e9m\u00e9rite","potentialAction":[{"@type":"SearchAction","target":{"@type":"EntryPoint","urlTemplate":"http:\/\/jean-jacques-wunenburger.com\/?s={search_term_string}"},"query-input":{"@type":"PropertyValueSpecification","valueRequired":true,"valueName":"search_term_string"}}],"inLanguage":"en-US"}]}},"_links":{"self":[{"href":"https:\/\/jean-jacques-wunenburger.com\/index.php\/wp-json\/wp\/v2\/pages\/276","targetHints":{"allow":["GET"]}}],"collection":[{"href":"https:\/\/jean-jacques-wunenburger.com\/index.php\/wp-json\/wp\/v2\/pages"}],"about":[{"href":"https:\/\/jean-jacques-wunenburger.com\/index.php\/wp-json\/wp\/v2\/types\/page"}],"author":[{"embeddable":true,"href":"https:\/\/jean-jacques-wunenburger.com\/index.php\/wp-json\/wp\/v2\/users\/1"}],"replies":[{"embeddable":true,"href":"https:\/\/jean-jacques-wunenburger.com\/index.php\/wp-json\/wp\/v2\/comments?post=276"}],"version-history":[{"count":162,"href":"https:\/\/jean-jacques-wunenburger.com\/index.php\/wp-json\/wp\/v2\/pages\/276\/revisions"}],"predecessor-version":[{"id":1351,"href":"https:\/\/jean-jacques-wunenburger.com\/index.php\/wp-json\/wp\/v2\/pages\/276\/revisions\/1351"}],"wp:featuredmedia":[{"embeddable":true,"href":"https:\/\/jean-jacques-wunenburger.com\/index.php\/wp-json\/wp\/v2\/media\/12"}],"wp:attachment":[{"href":"https:\/\/jean-jacques-wunenburger.com\/index.php\/wp-json\/wp\/v2\/media?parent=276"}],"curies":[{"name":"wp","href":"https:\/\/api.w.org\/{rel}","templated":true}]}}