{"id":765,"date":"2023-03-25T16:08:45","date_gmt":"2023-03-25T15:08:45","guid":{"rendered":"http:\/\/jean-jacques-wunenburger.com\/?page_id=765"},"modified":"2023-09-17T15:48:49","modified_gmt":"2023-09-17T13:48:49","slug":"youtube-conferences","status":"publish","type":"page","link":"https:\/\/jean-jacques-wunenburger.com\/index.php\/youtube-conferences\/","title":{"rendered":"Youtube conf\u00e9rences"},"content":{"rendered":"\t\t<div data-elementor-type=\"wp-page\" data-elementor-id=\"765\" class=\"elementor elementor-765\">\n\t\t\t\t<div class=\"elementor-element elementor-element-34929dc e-flex e-con-boxed e-con e-parent\" data-id=\"34929dc\" data-element_type=\"container\" data-e-type=\"container\">\n\t\t\t\t\t<div class=\"e-con-inner\">\n\t\t\t\t<div class=\"elementor-element elementor-element-76a6770 elementor-widget elementor-widget-heading\" data-id=\"76a6770\" data-element_type=\"widget\" data-e-type=\"widget\" data-widget_type=\"heading.default\">\n\t\t\t\t<div class=\"elementor-widget-container\">\n\t\t\t\t\t<h1 class=\"elementor-heading-title elementor-size-default\">Conf\u00e9rences et entretiens diffus\u00e9s sur Youtube<\/h1>\t\t\t\t<\/div>\n\t\t\t\t<\/div>\n\t\t\t\t\t<\/div>\n\t\t\t\t<\/div>\n\t\t<div class=\"elementor-element elementor-element-16c3b26 e-flex e-con-boxed e-con e-parent\" data-id=\"16c3b26\" data-element_type=\"container\" data-e-type=\"container\">\n\t\t\t\t\t<div class=\"e-con-inner\">\n\t\t\t\t<div class=\"elementor-element elementor-element-7519cd4 elementor-widget elementor-widget-spacer\" data-id=\"7519cd4\" data-element_type=\"widget\" data-e-type=\"widget\" data-widget_type=\"spacer.default\">\n\t\t\t\t<div class=\"elementor-widget-container\">\n\t\t\t\t\t\t\t<div class=\"elementor-spacer\">\n\t\t\t<div class=\"elementor-spacer-inner\"><\/div>\n\t\t<\/div>\n\t\t\t\t\t\t<\/div>\n\t\t\t\t<\/div>\n\t\t\t\t\t<\/div>\n\t\t\t\t<\/div>\n\t\t<div class=\"elementor-element elementor-element-d951640 e-flex e-con-boxed e-con e-parent\" data-id=\"d951640\" data-element_type=\"container\" data-e-type=\"container\">\n\t\t\t\t\t<div class=\"e-con-inner\">\n\t\t\t\t<div class=\"elementor-element elementor-element-667c65d elementor-widget elementor-widget-text-editor\" data-id=\"667c65d\" data-element_type=\"widget\" data-e-type=\"widget\" data-widget_type=\"text-editor.default\">\n\t\t\t\t<div class=\"elementor-widget-container\">\n\t\t\t\t\t\t\t\t\t<ul><li><a href=\"https:\/\/www.youtube.com\/watch?v=mUyQuf-LW-I\" target=\"_blank\" rel=\"noopener\">Jung\u00a0: \u00e9ducation et imaginaire, Paideia, Ivrea, 7-11-2020 IPAP<\/a><\/li><li>Science de l\u2019\u00e9sot\u00e9risme et lieux interm\u00e9diaires, Baglis TV, Journ\u00e9e Corbin, 2014<\/li><li>Chaire Verhagen, La FM sp\u00e9culative de l\u2019histoire \u00e0 l\u2019imaginaire, ULB-TV,<\/li><li>Cholest\u00e9rol, le grand bluff, Maison Culture M\u00e9diteran\u00e9e, 26-01-2019<\/li><li>Limites du physique et de la biom\u00e9decine, Rencontres de Cannes, 2018 (Polony)<\/li><li>Mieux vivre sa maladie, Table-ronde, innovation et exp\u00e9rience. CIUS<\/li><li><a href=\"https:\/\/www.youtube.com\/watch?v=_fjbgIcoPyQ\" target=\"_blank\" rel=\"noopener\">Th\u00e9orie durandienne de l\u2019imaginaire, Univ St Paul Qu\u00e9bec Ottawa<\/a><\/li><li>Cluj Cl\u00f4ture du Congr\u00e8s CRI2i, UFRGS<\/li><li>Discussions, lecture deo Sagrada de JJW, (I-II, etc-)<\/li><li>Pour une ph\u00e9nom\u00e9nologie d\u2019une conscience gnostiques, Baglis TV 2016<\/li><li>Encontros come o imagarion, 2000 Imaginario di fim del Mundo, UFRGS<\/li><li>Cours Imaginarios miticos y cogicon CRIM -UNAM 2020<\/li><li>Entretien avec G. Kafure<\/li><li>Entretiens Sironneau GD De la r\u00e9sistance de l\u2019imaginaire CRI2i<\/li><li>Peut-on diriger les hommes en poursuivant une utopie , UJML3, Philo du management, 27-02-2015<\/li><li>Ecrans\u00a0: pour la g\u00e9n\u00e9alogie d\u2019un dispositif, M. Carbone, JML3,2015<\/li><li>Demain la m\u00e9decine int\u00e9grative, MMC, 2018<\/li><li>L\u2019imanation Hypnologie, 2017 A.R.C.H.E<\/li><li>Entretien avec Guy Marchesault, Ottaxw<\/li><li>GB, Rencontres Morel Bruxelles 2014<\/li><li>La confiance, ICAP, univ Claude Bernard LYon<\/li><li>Le paradoxe del\u2019identit\u00e9, CRI2i Cluj<\/li><li>L\u2019utopie conceptuelle du rythme, CRAL, 12-11- 2014<\/li><li>Vers une sagessse du rythme de la vie, Eranos fondation, 2020<\/li><li>Nihilisme et imagination, Vilnius, Littuanie<\/li><li>Entretien avec Pierre Olivier<\/li><li>Gilbert DFurand, hommage pour le centenaire, CRI2I-UFRGS<\/li><\/ul>\t\t\t\t\t\t\t\t<\/div>\n\t\t\t\t<\/div>\n\t\t\t\t\t<\/div>\n\t\t\t\t<\/div>\n\t\t<div class=\"elementor-element elementor-element-e3c0dc4 e-flex e-con-boxed e-con e-parent\" data-id=\"e3c0dc4\" data-element_type=\"container\" data-e-type=\"container\">\n\t\t\t\t\t<div class=\"e-con-inner\">\n\t\t<div class=\"elementor-element elementor-element-542e8fd e-con-full e-flex e-con e-child\" data-id=\"542e8fd\" data-element_type=\"container\" data-e-type=\"container\">\n\t\t\t\t<div class=\"elementor-element elementor-element-07664cc elementor-widget elementor-widget-video\" data-id=\"07664cc\" data-element_type=\"widget\" data-e-type=\"widget\" data-settings=\"{&quot;youtube_url&quot;:&quot;https:\\\/\\\/www.youtube.com\\\/watch?v=mUyQuf-LW-I&quot;,&quot;video_type&quot;:&quot;youtube&quot;,&quot;controls&quot;:&quot;yes&quot;}\" data-widget_type=\"video.default\">\n\t\t\t\t<div class=\"elementor-widget-container\">\n\t\t\t\t\t\t\t<div class=\"elementor-wrapper elementor-open-inline\">\n\t\t\t<div class=\"elementor-video\"><\/div>\t\t<\/div>\n\t\t\t\t\t\t<\/div>\n\t\t\t\t<\/div>\n\t\t\t\t<div class=\"elementor-element elementor-element-537443e elementor-widget elementor-widget-text-editor\" data-id=\"537443e\" data-element_type=\"widget\" data-e-type=\"widget\" data-widget_type=\"text-editor.default\">\n\t\t\t\t<div class=\"elementor-widget-container\">\n\t\t\t\t\t\t\t\t\t<p>Jung : \u00e9ducation et imaginaire, 2020<\/p>\t\t\t\t\t\t\t\t<\/div>\n\t\t\t\t<\/div>\n\t\t\t\t<\/div>\n\t\t<div class=\"elementor-element elementor-element-107d5f4 e-con-full e-flex e-con e-child\" data-id=\"107d5f4\" data-element_type=\"container\" data-e-type=\"container\">\n\t\t\t\t<\/div>\n\t\t<div class=\"elementor-element elementor-element-fa20eb7 e-con-full e-flex e-con e-child\" data-id=\"fa20eb7\" data-element_type=\"container\" data-e-type=\"container\">\n\t\t\t\t<\/div>\n\t\t<div class=\"elementor-element elementor-element-c5a95a5 e-con-full e-flex e-con e-child\" data-id=\"c5a95a5\" data-element_type=\"container\" data-e-type=\"container\">\n\t\t\t\t<\/div>\n\t\t\t\t\t<\/div>\n\t\t\t\t<\/div>\n\t\t<div class=\"elementor-element elementor-element-2882b79 e-flex e-con-boxed e-con e-parent\" data-id=\"2882b79\" data-element_type=\"container\" data-e-type=\"container\">\n\t\t\t\t\t<div class=\"e-con-inner\">\n\t\t<div class=\"elementor-element elementor-element-d673447 e-con-full e-flex e-con e-child\" data-id=\"d673447\" data-element_type=\"container\" data-e-type=\"container\">\n\t\t\t\t<\/div>\n\t\t<div class=\"elementor-element elementor-element-af5bcaa e-con-full e-flex e-con e-child\" data-id=\"af5bcaa\" data-element_type=\"container\" data-e-type=\"container\">\n\t\t\t\t<\/div>\n\t\t<div class=\"elementor-element elementor-element-7412a21 e-con-full e-flex e-con e-child\" data-id=\"7412a21\" data-element_type=\"container\" data-e-type=\"container\">\n\t\t\t\t<\/div>\n\t\t<div class=\"elementor-element elementor-element-51a3c71 e-con-full e-flex e-con e-child\" data-id=\"51a3c71\" data-element_type=\"container\" data-e-type=\"container\">\n\t\t\t\t<\/div>\n\t\t\t\t\t<\/div>\n\t\t\t\t<\/div>\n\t\t\t\t<\/div>\n\t\t","protected":false},"excerpt":{"rendered":"<p>Conf\u00e9rences et entretiens diffus\u00e9s sur Youtube Jung\u00a0: \u00e9ducation et imaginaire, Paideia, Ivrea, 7-11-2020 IPAP Science de l\u2019\u00e9sot\u00e9risme et lieux interm\u00e9diaires, Baglis TV, Journ\u00e9e Corbin, 2014 Chaire Verhagen, La FM sp\u00e9culative de l\u2019histoire \u00e0 l\u2019imaginaire, ULB-TV, Cholest\u00e9rol, le grand bluff, Maison Culture M\u00e9diteran\u00e9e, 26-01-2019 Limites du physique et de la biom\u00e9decine, Rencontres de Cannes, 2018 (Polony)<\/p>\n<div class=\"more-link\">\n\t\t\t\t <a href=\"https:\/\/jean-jacques-wunenburger.com\/index.php\/youtube-conferences\/\" class=\"link-btn theme-btn\"><span>Read More <\/span> <i class=\"fa fa-caret-right\"><\/i><\/a>\n\t\t\t<\/div>\n","protected":false},"author":1,"featured_media":1233,"parent":0,"menu_order":0,"comment_status":"closed","ping_status":"closed","template":"","meta":{"om_disable_all_campaigns":false,"_monsterinsights_skip_tracking":false,"_monsterinsights_sitenote_active":false,"_monsterinsights_sitenote_note":"","_monsterinsights_sitenote_category":0,"_uf_show_specific_survey":0,"_uf_disable_surveys":false,"footnotes":""},"class_list":["post-765","page","type-page","status-publish","has-post-thumbnail","hentry"],"aioseo_notices":[],"yoast_head":"<!-- This site is optimized with the Yoast SEO plugin v27.4 - https:\/\/yoast.com\/product\/yoast-seo-wordpress\/ -->\n<title>Youtube conf\u00e9rences - Jean-Jacques Wunenburger<\/title>\n<meta name=\"description\" content=\"Youtube conf\u00e9rences de philosophie et interviews film\u00e9es de Jean-Jacques Wunenburger, cha\u00eenes fran\u00e7aises et \u00e9trang\u00e8res\" \/>\n<meta name=\"robots\" content=\"index, follow, max-snippet:-1, max-image-preview:large, max-video-preview:-1\" \/>\n<link rel=\"canonical\" href=\"http:\/\/jean-jacques-wunenburger.com\/index.php\/youtube-conferences\/\" \/>\n<meta property=\"og:locale\" content=\"en_US\" \/>\n<meta property=\"og:type\" content=\"article\" \/>\n<meta property=\"og:title\" content=\"Youtube conf\u00e9rences - Jean-Jacques Wunenburger\" \/>\n<meta property=\"og:description\" content=\"Youtube conf\u00e9rences de philosophie et interviews film\u00e9es de Jean-Jacques Wunenburger, cha\u00eenes fran\u00e7aises et \u00e9trang\u00e8res\" \/>\n<meta property=\"og:url\" content=\"http:\/\/jean-jacques-wunenburger.com\/index.php\/youtube-conferences\/\" \/>\n<meta property=\"og:site_name\" content=\"Jean-Jacques Wunenburger\" \/>\n<meta property=\"article:modified_time\" content=\"2023-09-17T13:48:49+00:00\" \/>\n<meta property=\"og:image\" content=\"http:\/\/jean-jacques-wunenburger.com\/wp-content\/uploads\/2023\/07\/Logo_of_YouTube_2015-2017.svg.png\" \/>\n\t<meta property=\"og:image:width\" content=\"1024\" \/>\n\t<meta property=\"og:image:height\" content=\"430\" \/>\n\t<meta property=\"og:image:type\" content=\"image\/png\" \/>\n<meta name=\"twitter:card\" content=\"summary_large_image\" \/>\n<meta name=\"twitter:label1\" content=\"Est. reading time\" \/>\n\t<meta name=\"twitter:data1\" content=\"1 minute\" \/>\n<script type=\"application\/ld+json\" class=\"yoast-schema-graph\">{\"@context\":\"https:\\\/\\\/schema.org\",\"@graph\":[{\"@type\":\"WebPage\",\"@id\":\"http:\\\/\\\/jean-jacques-wunenburger.com\\\/index.php\\\/youtube-conferences\\\/\",\"url\":\"http:\\\/\\\/jean-jacques-wunenburger.com\\\/index.php\\\/youtube-conferences\\\/\",\"name\":\"Youtube conf\u00e9rences - Jean-Jacques Wunenburger\",\"isPartOf\":{\"@id\":\"https:\\\/\\\/jean-jacques-wunenburger.com\\\/#website\"},\"primaryImageOfPage\":{\"@id\":\"http:\\\/\\\/jean-jacques-wunenburger.com\\\/index.php\\\/youtube-conferences\\\/#primaryimage\"},\"image\":{\"@id\":\"http:\\\/\\\/jean-jacques-wunenburger.com\\\/index.php\\\/youtube-conferences\\\/#primaryimage\"},\"thumbnailUrl\":\"https:\\\/\\\/jean-jacques-wunenburger.com\\\/wp-content\\\/uploads\\\/2023\\\/07\\\/Logo_of_YouTube_2015-2017.svg.png\",\"datePublished\":\"2023-03-25T15:08:45+00:00\",\"dateModified\":\"2023-09-17T13:48:49+00:00\",\"description\":\"Youtube conf\u00e9rences de philosophie et interviews film\u00e9es de Jean-Jacques Wunenburger, cha\u00eenes fran\u00e7aises et \u00e9trang\u00e8res\",\"breadcrumb\":{\"@id\":\"http:\\\/\\\/jean-jacques-wunenburger.com\\\/index.php\\\/youtube-conferences\\\/#breadcrumb\"},\"inLanguage\":\"en-US\",\"potentialAction\":[{\"@type\":\"ReadAction\",\"target\":[\"http:\\\/\\\/jean-jacques-wunenburger.com\\\/index.php\\\/youtube-conferences\\\/\"]}]},{\"@type\":\"ImageObject\",\"inLanguage\":\"en-US\",\"@id\":\"http:\\\/\\\/jean-jacques-wunenburger.com\\\/index.php\\\/youtube-conferences\\\/#primaryimage\",\"url\":\"https:\\\/\\\/jean-jacques-wunenburger.com\\\/wp-content\\\/uploads\\\/2023\\\/07\\\/Logo_of_YouTube_2015-2017.svg.png\",\"contentUrl\":\"https:\\\/\\\/jean-jacques-wunenburger.com\\\/wp-content\\\/uploads\\\/2023\\\/07\\\/Logo_of_YouTube_2015-2017.svg.png\",\"width\":1024,\"height\":430,\"caption\":\"interview et conf\u00e9rences film\u00e9es de jean-jacques wunenburger\"},{\"@type\":\"BreadcrumbList\",\"@id\":\"http:\\\/\\\/jean-jacques-wunenburger.com\\\/index.php\\\/youtube-conferences\\\/#breadcrumb\",\"itemListElement\":[{\"@type\":\"ListItem\",\"position\":1,\"name\":\"Accueil\",\"item\":\"https:\\\/\\\/jean-jacques-wunenburger.com\\\/\"},{\"@type\":\"ListItem\",\"position\":2,\"name\":\"Youtube conf\u00e9rences\"}]},{\"@type\":\"WebSite\",\"@id\":\"https:\\\/\\\/jean-jacques-wunenburger.com\\\/#website\",\"url\":\"https:\\\/\\\/jean-jacques-wunenburger.com\\\/\",\"name\":\"Jean-Jacques Wunenburger\",\"description\":\"Philosophe, Professeur \u00e9m\u00e9rite\",\"potentialAction\":[{\"@type\":\"SearchAction\",\"target\":{\"@type\":\"EntryPoint\",\"urlTemplate\":\"https:\\\/\\\/jean-jacques-wunenburger.com\\\/?s={search_term_string}\"},\"query-input\":{\"@type\":\"PropertyValueSpecification\",\"valueRequired\":true,\"valueName\":\"search_term_string\"}}],\"inLanguage\":\"en-US\"}]}<\/script>\n<!-- \/ Yoast SEO plugin. -->","yoast_head_json":{"title":"Youtube conf\u00e9rences - Jean-Jacques Wunenburger","description":"Youtube conf\u00e9rences de philosophie et interviews film\u00e9es de Jean-Jacques Wunenburger, cha\u00eenes fran\u00e7aises et \u00e9trang\u00e8res","robots":{"index":"index","follow":"follow","max-snippet":"max-snippet:-1","max-image-preview":"max-image-preview:large","max-video-preview":"max-video-preview:-1"},"canonical":"http:\/\/jean-jacques-wunenburger.com\/index.php\/youtube-conferences\/","og_locale":"en_US","og_type":"article","og_title":"Youtube conf\u00e9rences - Jean-Jacques Wunenburger","og_description":"Youtube conf\u00e9rences de philosophie et interviews film\u00e9es de Jean-Jacques Wunenburger, cha\u00eenes fran\u00e7aises et \u00e9trang\u00e8res","og_url":"http:\/\/jean-jacques-wunenburger.com\/index.php\/youtube-conferences\/","og_site_name":"Jean-Jacques Wunenburger","article_modified_time":"2023-09-17T13:48:49+00:00","og_image":[{"width":1024,"height":430,"url":"http:\/\/jean-jacques-wunenburger.com\/wp-content\/uploads\/2023\/07\/Logo_of_YouTube_2015-2017.svg.png","type":"image\/png"}],"twitter_card":"summary_large_image","twitter_misc":{"Est. reading time":"1 minute"},"schema":{"@context":"https:\/\/schema.org","@graph":[{"@type":"WebPage","@id":"http:\/\/jean-jacques-wunenburger.com\/index.php\/youtube-conferences\/","url":"http:\/\/jean-jacques-wunenburger.com\/index.php\/youtube-conferences\/","name":"Youtube conf\u00e9rences - Jean-Jacques Wunenburger","isPartOf":{"@id":"https:\/\/jean-jacques-wunenburger.com\/#website"},"primaryImageOfPage":{"@id":"http:\/\/jean-jacques-wunenburger.com\/index.php\/youtube-conferences\/#primaryimage"},"image":{"@id":"http:\/\/jean-jacques-wunenburger.com\/index.php\/youtube-conferences\/#primaryimage"},"thumbnailUrl":"https:\/\/jean-jacques-wunenburger.com\/wp-content\/uploads\/2023\/07\/Logo_of_YouTube_2015-2017.svg.png","datePublished":"2023-03-25T15:08:45+00:00","dateModified":"2023-09-17T13:48:49+00:00","description":"Youtube conf\u00e9rences de philosophie et interviews film\u00e9es de Jean-Jacques Wunenburger, cha\u00eenes fran\u00e7aises et \u00e9trang\u00e8res","breadcrumb":{"@id":"http:\/\/jean-jacques-wunenburger.com\/index.php\/youtube-conferences\/#breadcrumb"},"inLanguage":"en-US","potentialAction":[{"@type":"ReadAction","target":["http:\/\/jean-jacques-wunenburger.com\/index.php\/youtube-conferences\/"]}]},{"@type":"ImageObject","inLanguage":"en-US","@id":"http:\/\/jean-jacques-wunenburger.com\/index.php\/youtube-conferences\/#primaryimage","url":"https:\/\/jean-jacques-wunenburger.com\/wp-content\/uploads\/2023\/07\/Logo_of_YouTube_2015-2017.svg.png","contentUrl":"https:\/\/jean-jacques-wunenburger.com\/wp-content\/uploads\/2023\/07\/Logo_of_YouTube_2015-2017.svg.png","width":1024,"height":430,"caption":"interview et conf\u00e9rences film\u00e9es de jean-jacques wunenburger"},{"@type":"BreadcrumbList","@id":"http:\/\/jean-jacques-wunenburger.com\/index.php\/youtube-conferences\/#breadcrumb","itemListElement":[{"@type":"ListItem","position":1,"name":"Accueil","item":"https:\/\/jean-jacques-wunenburger.com\/"},{"@type":"ListItem","position":2,"name":"Youtube conf\u00e9rences"}]},{"@type":"WebSite","@id":"https:\/\/jean-jacques-wunenburger.com\/#website","url":"https:\/\/jean-jacques-wunenburger.com\/","name":"Jean-Jacques Wunenburger","description":"Philosophe, Professeur \u00e9m\u00e9rite","potentialAction":[{"@type":"SearchAction","target":{"@type":"EntryPoint","urlTemplate":"https:\/\/jean-jacques-wunenburger.com\/?s={search_term_string}"},"query-input":{"@type":"PropertyValueSpecification","valueRequired":true,"valueName":"search_term_string"}}],"inLanguage":"en-US"}]}},"_links":{"self":[{"href":"https:\/\/jean-jacques-wunenburger.com\/index.php\/wp-json\/wp\/v2\/pages\/765","targetHints":{"allow":["GET"]}}],"collection":[{"href":"https:\/\/jean-jacques-wunenburger.com\/index.php\/wp-json\/wp\/v2\/pages"}],"about":[{"href":"https:\/\/jean-jacques-wunenburger.com\/index.php\/wp-json\/wp\/v2\/types\/page"}],"author":[{"embeddable":true,"href":"https:\/\/jean-jacques-wunenburger.com\/index.php\/wp-json\/wp\/v2\/users\/1"}],"replies":[{"embeddable":true,"href":"https:\/\/jean-jacques-wunenburger.com\/index.php\/wp-json\/wp\/v2\/comments?post=765"}],"version-history":[{"count":51,"href":"https:\/\/jean-jacques-wunenburger.com\/index.php\/wp-json\/wp\/v2\/pages\/765\/revisions"}],"predecessor-version":[{"id":1286,"href":"https:\/\/jean-jacques-wunenburger.com\/index.php\/wp-json\/wp\/v2\/pages\/765\/revisions\/1286"}],"wp:featuredmedia":[{"embeddable":true,"href":"https:\/\/jean-jacques-wunenburger.com\/index.php\/wp-json\/wp\/v2\/media\/1233"}],"wp:attachment":[{"href":"https:\/\/jean-jacques-wunenburger.com\/index.php\/wp-json\/wp\/v2\/media?parent=765"}],"curies":[{"name":"wp","href":"https:\/\/api.w.org\/{rel}","templated":true}]}}